{"id":1075,"date":"2024-11-14T15:44:38","date_gmt":"2024-11-14T15:44:38","guid":{"rendered":"https:\/\/nicolettarestaurant.com\/es\/wroberto\/?page_id=1075"},"modified":"2025-10-06T15:15:45","modified_gmt":"2025-10-06T15:15:45","slug":"riviera-maya","status":"publish","type":"page","link":"https:\/\/nicolettarestaurant.com\/es\/riviera-maya\/","title":{"rendered":"Riviera-Maya"},"content":{"rendered":"\t\t<div data-elementor-type=\"wp-page\" data-elementor-id=\"1075\" class=\"elementor elementor-1075\" data-elementor-post-type=\"page\">\n\t\t\t\t<div class=\"elementor-element elementor-element-9ae2516 e-con-full e-flex e-con e-parent\" data-id=\"9ae2516\" data-element_type=\"container\">\n\t\t\t\t<div class=\"elementor-element elementor-element-d328a67 elementor-widget elementor-widget-slider_revolution\" data-id=\"d328a67\" data-element_type=\"widget\" data-widget_type=\"slider_revolution.default\">\n\t\t\t\t<div class=\"elementor-widget-container\">\n\t\t\t\r\n\r\r\n\t\t<div class=\"wp-block-themepunch-revslider\">\n\t\t\t<!-- START BannerDeskRivieraMaya REVOLUTION SLIDER 6.4.8 --><p class=\"rs-p-wp-fix\"><\/p>\n\t\t\t<rs-module-wrap id=\"rev_slider_9_1_wrapper\" data-source=\"gallery\" style=\"background:transparent;padding:0;margin:0px auto;margin-top:0;margin-bottom:0;\">\n\t\t\t\t<rs-module id=\"rev_slider_9_1\" style=\"\" data-version=\"6.4.8\">\n\t\t\t\t\t<rs-slides>\n\t\t\t\t\t\t<rs-slide data-key=\"rs-9\" data-title=\"Slide\" data-in=\"o:0;\" data-out=\"a:false;\">\n\t\t\t\t\t\t\t<img fetchpriority=\"high\" decoding=\"async\" src=\"\/\/nicolettarestaurant.com\/es\/wp-content\/uploads\/2024\/11\/slide1-riviera-maya-ilios.jpg\" title=\"slide1-riviera-maya-ilios\" width=\"1920\" height=\"1080\" class=\"rev-slidebg tp-rs-img\" data-no-retina>\n<!---->\t\t\t\t\t\t<\/rs-slide>\n\t\t\t\t\t<\/rs-slides>\n\t\t\t\t<\/rs-module>\n\t\t\t\t<script type=\"text\/javascript\">\n\t\t\t\t\tsetREVStartSize({c: 'rev_slider_9_1',rl:[1240,1240,1240,480],el:[900,900,900,720],gw:[1240,1240,1240,480],gh:[900,900,900,720],type:'hero',justify:'',layout:'fullwidth',mh:\"0\"});\n\t\t\t\t\tvar\trevapi9,\n\t\t\t\t\t\ttpj;\n\t\t\t\t\tfunction revinit_revslider91() {\n\t\t\t\t\tjQuery(function() {\n\t\t\t\t\t\ttpj = jQuery;\n\t\t\t\t\t\trevapi9 = tpj(\"#rev_slider_9_1\");\n\t\t\t\t\t\tif(revapi9==undefined || revapi9.revolution == undefined){\n\t\t\t\t\t\t\trevslider_showDoubleJqueryError(\"rev_slider_9_1\");\n\t\t\t\t\t\t}else{\n\t\t\t\t\t\t\trevapi9.revolution({\n\t\t\t\t\t\t\t\tsliderType:\"hero\",\n\t\t\t\t\t\t\t\tDPR:\"dpr\",\n\t\t\t\t\t\t\t\tsliderLayout:\"fullwidth\",\n\t\t\t\t\t\t\t\tvisibilityLevels:\"1240,1240,1240,480\",\n\t\t\t\t\t\t\t\tgridwidth:\"1240,1240,1240,480\",\n\t\t\t\t\t\t\t\tgridheight:\"900,900,900,720\",\n\t\t\t\t\t\t\t\tperspective:600,\n\t\t\t\t\t\t\t\tperspectiveType:\"global\",\n\t\t\t\t\t\t\t\teditorheight:\"900,768,960,720\",\n\t\t\t\t\t\t\t\tresponsiveLevels:\"1240,1240,1240,480\",\n\t\t\t\t\t\t\t\tprogressBar:{disableProgressBar:true},\n\t\t\t\t\t\t\t\tnavigation: {\n\t\t\t\t\t\t\t\t\tonHoverStop:false\n\t\t\t\t\t\t\t\t},\n\t\t\t\t\t\t\t\tfallbacks: {\n\t\t\t\t\t\t\t\t\tallowHTML5AutoPlayOnAndroid:true\n\t\t\t\t\t\t\t\t},\n\t\t\t\t\t\t\t});\n\t\t\t\t\t\t}\n\t\t\t\t\t\t\n\t\t\t\t\t});\n\t\t\t\t\t} \/\/ End of RevInitScript\n\t\t\t\tvar once_revslider91 = false;\n\t\t\t\tif (document.readyState === \"loading\") {document.addEventListener('readystatechange',function() { if((document.readyState === \"interactive\" || document.readyState === \"complete\") && !once_revslider91 ) { once_revslider91 = true; revinit_revslider91();}});} else {once_revslider91 = true; revinit_revslider91();}\n\t\t\t\t<\/script>\n\t\t\t<\/rs-module-wrap>\n\t\t\t<!-- END REVOLUTION SLIDER -->\n<\/div>\r\r\n\r\r\n\t\t\t\t<\/div>\n\t\t\t\t<\/div>\n\t\t\t\t<\/div>\n\t\t<div class=\"elementor-element elementor-element-d15e5fc e-con-full e-flex e-con e-parent\" data-id=\"d15e5fc\" data-element_type=\"container\" data-settings=\"{&quot;background_background&quot;:&quot;classic&quot;}\">\n\t\t\t\t<div class=\"elementor-element elementor-element-64f4381 animated-slow elementor-invisible elementor-widget elementor-widget-heading\" data-id=\"64f4381\" data-element_type=\"widget\" data-settings=\"{&quot;_animation&quot;:&quot;fadeIn&quot;}\" data-widget_type=\"heading.default\">\n\t\t\t\t<div class=\"elementor-widget-container\">\n\t\t\t<h2 class=\"elementor-heading-title elementor-size-default\">SOBRE RIVIERA MAYA<\/h2>\t\t<\/div>\n\t\t\t\t<\/div>\n\t\t\t\t<\/div>\n\t\t<div class=\"elementor-element elementor-element-8d0d700 e-con-full e-flex e-con e-parent\" data-id=\"8d0d700\" data-element_type=\"container\">\n\t\t<div class=\"elementor-element elementor-element-6ecf9ae e-con-full e-flex e-con e-child\" data-id=\"6ecf9ae\" data-element_type=\"container\">\n\t\t\t\t<div class=\"elementor-element elementor-element-c71d73b animated-slow elementor-invisible elementor-widget elementor-widget-heading\" data-id=\"c71d73b\" data-element_type=\"widget\" data-settings=\"{&quot;_animation&quot;:&quot;fadeInLeft&quot;}\" data-widget_type=\"heading.default\">\n\t\t\t\t<div class=\"elementor-widget-container\">\n\t\t\t<h2 class=\"elementor-heading-title elementor-size-default\">RIVIERA MAYA\n<\/h2>\t\t<\/div>\n\t\t\t\t<\/div>\n\t\t\t\t<div class=\"elementor-element elementor-element-c9a3525 animated-slow elementor-invisible elementor-widget elementor-widget-heading\" data-id=\"c9a3525\" data-element_type=\"widget\" data-settings=\"{&quot;_animation&quot;:&quot;fadeInLeft&quot;}\" data-widget_type=\"heading.default\">\n\t\t\t\t<div class=\"elementor-widget-container\">\n\t\t\t<h2 class=\"elementor-heading-title elementor-size-default\">Destino m\u00edstico\n\n<\/h2>\t\t<\/div>\n\t\t\t\t<\/div>\n\t\t\t\t<div class=\"elementor-element elementor-element-df792c1 animated-slow elementor-widget-divider--view-line elementor-invisible elementor-widget elementor-widget-divider\" data-id=\"df792c1\" data-element_type=\"widget\" data-settings=\"{&quot;_animation&quot;:&quot;fadeInLeft&quot;}\" data-widget_type=\"divider.default\">\n\t\t\t\t<div class=\"elementor-widget-container\">\n\t\t\t\t\t<div class=\"elementor-divider\">\n\t\t\t<span class=\"elementor-divider-separator\">\n\t\t\t\t\t\t<\/span>\n\t\t<\/div>\n\t\t\t\t<\/div>\n\t\t\t\t<\/div>\n\t\t\t\t<div class=\"elementor-element elementor-element-a4bc6f8 animated-slow elementor-invisible elementor-widget elementor-widget-text-editor\" data-id=\"a4bc6f8\" data-element_type=\"widget\" data-settings=\"{&quot;_animation&quot;:&quot;fadeInLeft&quot;}\" data-widget_type=\"text-editor.default\">\n\t\t\t\t<div class=\"elementor-widget-container\">\n\t\t\t\t\t\t\tLa Riviera Maya es el destino m\u00e1s importante de Latinoam\u00e9rica, un para\u00edso donde confluyen la naturaleza y los restos de la antigua civilizaci\u00f3n m\u00e1s desarrollada de Am\u00e9rica, los mayas. D\u00e9jese cautivar por sus playas de arena blanca, aguas azul turquesa e incre\u00edbles yacimientos arqueol\u00f3gicos.\t\t\t\t\t\t<\/div>\n\t\t\t\t<\/div>\n\t\t\t\t<\/div>\n\t\t<div class=\"elementor-element elementor-element-fe5ce5a e-con-full e-flex e-con e-child\" data-id=\"fe5ce5a\" data-element_type=\"container\">\n\t\t\t\t<div class=\"elementor-element elementor-element-074c484 animated-slow elementor-invisible elementor-widget elementor-widget-image\" data-id=\"074c484\" data-element_type=\"widget\" data-settings=\"{&quot;_animation&quot;:&quot;fadeInRight&quot;}\" data-widget_type=\"image.default\">\n\t\t\t\t<div class=\"elementor-widget-container\">\n\t\t\t\t\t\t\t\t\t\t\t\t\t<img decoding=\"async\" width=\"720\" height=\"704\" src=\"https:\/\/nicolettarestaurant.com\/es\/wp-content\/uploads\/sites\/2\/2024\/11\/Riviera-maya-Nicoletta-Modern-Italian-Kitchen.jpg\" class=\"attachment-full size-full wp-image-1080\" alt=\"\" srcset=\"https:\/\/nicolettarestaurant.com\/es\/wp-content\/uploads\/sites\/2\/2024\/11\/Riviera-maya-Nicoletta-Modern-Italian-Kitchen.jpg 720w, https:\/\/nicolettarestaurant.com\/es\/wp-content\/uploads\/sites\/2\/2024\/11\/Riviera-maya-Nicoletta-Modern-Italian-Kitchen-300x293.jpg 300w\" sizes=\"(max-width: 720px) 100vw, 720px\" \/>\t\t\t\t\t\t\t\t\t\t\t\t\t<\/div>\n\t\t\t\t<\/div>\n\t\t\t\t<\/div>\n\t\t\t\t<\/div>\n\t\t<div class=\"elementor-element elementor-element-8f6266a e-con-full elementor-hidden-tablet elementor-hidden-mobile e-flex e-con e-parent\" data-id=\"8f6266a\" data-element_type=\"container\">\n\t\t<div class=\"elementor-element elementor-element-14bf0a9 e-con-full e-flex e-con e-child\" data-id=\"14bf0a9\" data-element_type=\"container\">\n\t\t\t\t<div class=\"elementor-element elementor-element-e662b75 elementor-widget elementor-widget-image\" data-id=\"e662b75\" data-element_type=\"widget\" data-widget_type=\"image.default\">\n\t\t\t\t<div class=\"elementor-widget-container\">\n\t\t\t\t\t\t\t\t\t\t\t\t\t<img decoding=\"async\" width=\"720\" height=\"704\" src=\"https:\/\/nicolettarestaurant.com\/es\/wp-content\/uploads\/sites\/2\/2024\/11\/Sobre-riviera-maya-Nicoletta-Modern-Italian-Kitchen.jpg\" class=\"attachment-full size-full wp-image-1088\" alt=\"\" srcset=\"https:\/\/nicolettarestaurant.com\/es\/wp-content\/uploads\/sites\/2\/2024\/11\/Sobre-riviera-maya-Nicoletta-Modern-Italian-Kitchen.jpg 720w, https:\/\/nicolettarestaurant.com\/es\/wp-content\/uploads\/sites\/2\/2024\/11\/Sobre-riviera-maya-Nicoletta-Modern-Italian-Kitchen-300x293.jpg 300w\" sizes=\"(max-width: 720px) 100vw, 720px\" \/>\t\t\t\t\t\t\t\t\t\t\t\t\t<\/div>\n\t\t\t\t<\/div>\n\t\t\t\t<\/div>\n\t\t<div class=\"elementor-element elementor-element-546bc7e e-con-full e-flex e-con e-child\" data-id=\"546bc7e\" data-element_type=\"container\">\n\t\t\t\t<div class=\"elementor-element elementor-element-e3cca0e animated-slow elementor-invisible elementor-widget elementor-widget-heading\" data-id=\"e3cca0e\" data-element_type=\"widget\" data-settings=\"{&quot;_animation&quot;:&quot;fadeInRight&quot;}\" data-widget_type=\"heading.default\">\n\t\t\t\t<div class=\"elementor-widget-container\">\n\t\t\t<h2 class=\"elementor-heading-title elementor-size-default\">Reservar<\/h2>\t\t<\/div>\n\t\t\t\t<\/div>\n\t\t\t\t<div class=\"elementor-element elementor-element-6b053db animated-slow elementor-invisible elementor-widget elementor-widget-heading\" data-id=\"6b053db\" data-element_type=\"widget\" data-settings=\"{&quot;_animation&quot;:&quot;fadeInRight&quot;}\" data-widget_type=\"heading.default\">\n\t\t\t\t<div class=\"elementor-widget-container\">\n\t\t\t<h2 class=\"elementor-heading-title elementor-size-default\"><a href=\"#elementor-action%3Aaction%3Dpopup%3Aopen%26settings%3DeyJpZCI6IjU5NyIsInRvZ2dsZSI6ZmFsc2V9\" style=\"text-decoration:underline\">Reserva ahora<\/a> en el mejor restaurante italiano de cancun y playa del carmen<\/h2>\t\t<\/div>\n\t\t\t\t<\/div>\n\t\t\t\t<div class=\"elementor-element elementor-element-864bc9e animated-slow elementor-widget-divider--view-line elementor-invisible elementor-widget elementor-widget-divider\" data-id=\"864bc9e\" data-element_type=\"widget\" data-settings=\"{&quot;_animation&quot;:&quot;fadeInRight&quot;}\" data-widget_type=\"divider.default\">\n\t\t\t\t<div class=\"elementor-widget-container\">\n\t\t\t\t\t<div class=\"elementor-divider\">\n\t\t\t<span class=\"elementor-divider-separator\">\n\t\t\t\t\t\t<\/span>\n\t\t<\/div>\n\t\t\t\t<\/div>\n\t\t\t\t<\/div>\n\t\t\t\t<div class=\"elementor-element elementor-element-0ec4bf3 animated-slow elementor-invisible elementor-widget elementor-widget-text-editor\" data-id=\"0ec4bf3\" data-element_type=\"widget\" data-settings=\"{&quot;_animation&quot;:&quot;fadeInRight&quot;}\" data-widget_type=\"text-editor.default\">\n\t\t\t\t<div class=\"elementor-widget-container\">\n\t\t\t\t\t\t\tUn lugar donde la gastronom\u00eda converge con el buen gusto, representando lo mejor de una de las ofertas gastron\u00f3micas m\u00e1s reconocidas a nivel mundial. Nicoletta presenta en cada uno de sus platillos y creaciones un homenaje a la gastronom\u00eda italiana, fusionando tradici\u00f3n, sabor y un toque contempor\u00e1neo. Vis\u00edtanos en el mejor restaurante italiano de Canc\u00fan y Playa del Carmen.\t\t\t\t\t\t<\/div>\n\t\t\t\t<\/div>\n\t\t\t\t<\/div>\n\t\t\t\t<\/div>\n\t\t<div class=\"elementor-element elementor-element-d4931b5 e-con-full elementor-hidden-desktop elementor-hidden-tablet e-flex e-con e-parent\" data-id=\"d4931b5\" data-element_type=\"container\">\n\t\t<div class=\"elementor-element elementor-element-85c7773 e-con-full e-flex e-con e-child\" data-id=\"85c7773\" data-element_type=\"container\">\n\t\t\t\t<div class=\"elementor-element elementor-element-a1073e2 elementor-widget elementor-widget-heading\" data-id=\"a1073e2\" data-element_type=\"widget\" data-widget_type=\"heading.default\">\n\t\t\t\t<div class=\"elementor-widget-container\">\n\t\t\t<h2 class=\"elementor-heading-title elementor-size-default\">RESERVAR<\/h2>\t\t<\/div>\n\t\t\t\t<\/div>\n\t\t\t\t<div class=\"elementor-element elementor-element-bd8fec1 elementor-widget elementor-widget-heading\" data-id=\"bd8fec1\" data-element_type=\"widget\" data-widget_type=\"heading.default\">\n\t\t\t\t<div class=\"elementor-widget-container\">\n\t\t\t<h2 class=\"elementor-heading-title elementor-size-default\">Reserva ahora en el mejor restaurante italiano de cancun y playa del carmen<\/h2>\t\t<\/div>\n\t\t\t\t<\/div>\n\t\t\t\t<div class=\"elementor-element elementor-element-06d4f34 elementor-widget-divider--view-line elementor-widget elementor-widget-divider\" data-id=\"06d4f34\" data-element_type=\"widget\" data-widget_type=\"divider.default\">\n\t\t\t\t<div class=\"elementor-widget-container\">\n\t\t\t\t\t<div class=\"elementor-divider\">\n\t\t\t<span class=\"elementor-divider-separator\">\n\t\t\t\t\t\t<\/span>\n\t\t<\/div>\n\t\t\t\t<\/div>\n\t\t\t\t<\/div>\n\t\t\t\t<div class=\"elementor-element elementor-element-38973b0 elementor-widget elementor-widget-text-editor\" data-id=\"38973b0\" data-element_type=\"widget\" data-widget_type=\"text-editor.default\">\n\t\t\t\t<div class=\"elementor-widget-container\">\n\t\t\t\t\t\t\tUn lugar donde la gastronom\u00eda converge con el buen gusto, representando lo mejor de una de las ofertas gastron\u00f3micas m\u00e1s reconocidas a nivel mundial. Nicoletta presenta en cada uno de sus platillos y creaciones un homenaje a la gastronom\u00eda italiana, fusionando tradici\u00f3n, sabor y un toque contempor\u00e1neo. Vis\u00edtanos en el mejor restaurante italiano de Canc\u00fan y Playa del Carmen.\t\t\t\t\t\t<\/div>\n\t\t\t\t<\/div>\n\t\t\t\t<\/div>\n\t\t<div class=\"elementor-element elementor-element-f413201 e-con-full e-flex e-con e-child\" data-id=\"f413201\" data-element_type=\"container\">\n\t\t\t\t<div class=\"elementor-element elementor-element-6abcccd elementor-widget elementor-widget-image\" data-id=\"6abcccd\" data-element_type=\"widget\" data-widget_type=\"image.default\">\n\t\t\t\t<div class=\"elementor-widget-container\">\n\t\t\t\t\t\t\t\t\t\t\t\t\t<img decoding=\"async\" width=\"720\" height=\"704\" src=\"https:\/\/nicolettarestaurant.com\/es\/wp-content\/uploads\/sites\/2\/2024\/11\/Sobre-riviera-maya-Nicoletta-Modern-Italian-Kitchen.jpg\" class=\"attachment-full size-full wp-image-1088\" alt=\"\" srcset=\"https:\/\/nicolettarestaurant.com\/es\/wp-content\/uploads\/sites\/2\/2024\/11\/Sobre-riviera-maya-Nicoletta-Modern-Italian-Kitchen.jpg 720w, https:\/\/nicolettarestaurant.com\/es\/wp-content\/uploads\/sites\/2\/2024\/11\/Sobre-riviera-maya-Nicoletta-Modern-Italian-Kitchen-300x293.jpg 300w\" sizes=\"(max-width: 720px) 100vw, 720px\" \/>\t\t\t\t\t\t\t\t\t\t\t\t\t<\/div>\n\t\t\t\t<\/div>\n\t\t\t\t<\/div>\n\t\t\t\t<\/div>\n\t\t\t\t<\/div>\n\t\t","protected":false},"excerpt":{"rendered":"<p>SOBRE RIVIERA MAYA RIVIERA MAYA Destino m\u00edstico La Riviera Maya es el destino m\u00e1s importante de Latinoam\u00e9rica, un para\u00edso donde confluyen la naturaleza y los restos de la antigua civilizaci\u00f3n m\u00e1s desarrollada de Am\u00e9rica, los mayas. D\u00e9jese cautivar por sus playas de arena blanca, aguas azul turquesa e incre\u00edbles yacimientos arqueol\u00f3gicos. Reservar Reserva ahora en [&hellip;]<\/p>\n","protected":false},"author":1,"featured_media":0,"parent":0,"menu_order":0,"comment_status":"closed","ping_status":"closed","template":"elementor_header_footer","meta":{"footnotes":""},"class_list":["post-1075","page","type-page","status-publish","hentry"],"yoast_head":"<!-- This site is optimized with the Yoast SEO plugin v26.7 - https:\/\/yoast.com\/wordpress\/plugins\/seo\/ -->\n<title>Riviera-Maya - Nicoletta - Cocina Italiana Tradicional | Grupo Anderson&#039;s<\/title>\n<meta name=\"robots\" content=\"noindex, follow, max-snippet:-1, max-image-preview:large, max-video-preview:-1\" \/>\n<meta property=\"og:locale\" content=\"es_MX\" \/>\n<meta property=\"og:type\" content=\"article\" \/>\n<meta property=\"og:title\" content=\"Riviera-Maya - Nicoletta - Cocina Italiana Tradicional | Grupo Anderson&#039;s\" \/>\n<meta property=\"og:description\" content=\"SOBRE RIVIERA MAYA RIVIERA MAYA Destino m\u00edstico La Riviera Maya es el destino m\u00e1s importante de Latinoam\u00e9rica, un para\u00edso donde confluyen la naturaleza y los restos de la antigua civilizaci\u00f3n m\u00e1s desarrollada de Am\u00e9rica, los mayas. D\u00e9jese cautivar por sus playas de arena blanca, aguas azul turquesa e incre\u00edbles yacimientos arqueol\u00f3gicos. Reservar Reserva ahora en [&hellip;]\" \/>\n<meta property=\"og:url\" content=\"https:\/\/nicolettarestaurant.com\/es\/riviera-maya\/\" \/>\n<meta property=\"og:site_name\" content=\"Nicoletta - Cocina Italiana Tradicional | Grupo Anderson&#039;s\" \/>\n<meta property=\"article:modified_time\" content=\"2025-10-06T15:15:45+00:00\" \/>\n<meta property=\"og:image\" content=\"https:\/\/nicolettarestaurant.com\/es\/wp-content\/uploads\/sites\/2\/2024\/11\/Riviera-maya-Nicoletta-Modern-Italian-Kitchen.jpg\" \/>\n<meta name=\"twitter:card\" content=\"summary_large_image\" \/>\n<meta name=\"twitter:label1\" content=\"Tiempo de lectura\" \/>\n\t<meta name=\"twitter:data1\" content=\"2 minutos\" \/>\n<script type=\"application\/ld+json\" class=\"yoast-schema-graph\">{\"@context\":\"https:\/\/schema.org\",\"@graph\":[{\"@type\":\"WebPage\",\"@id\":\"https:\/\/nicolettarestaurant.com\/es\/riviera-maya\/\",\"url\":\"https:\/\/nicolettarestaurant.com\/es\/riviera-maya\/\",\"name\":\"Riviera-Maya - Nicoletta - Cocina Italiana Tradicional | Grupo Anderson&#039;s\",\"isPartOf\":{\"@id\":\"https:\/\/nicolettarestaurant.com\/es\/#website\"},\"primaryImageOfPage\":{\"@id\":\"https:\/\/nicolettarestaurant.com\/es\/riviera-maya\/#primaryimage\"},\"image\":{\"@id\":\"https:\/\/nicolettarestaurant.com\/es\/riviera-maya\/#primaryimage\"},\"thumbnailUrl\":\"https:\/\/nicolettarestaurant.com\/es\/wp-content\/uploads\/sites\/2\/2024\/11\/Riviera-maya-Nicoletta-Modern-Italian-Kitchen.jpg\",\"datePublished\":\"2024-11-14T15:44:38+00:00\",\"dateModified\":\"2025-10-06T15:15:45+00:00\",\"breadcrumb\":{\"@id\":\"https:\/\/nicolettarestaurant.com\/es\/riviera-maya\/#breadcrumb\"},\"inLanguage\":\"es\",\"potentialAction\":[{\"@type\":\"ReadAction\",\"target\":[\"https:\/\/nicolettarestaurant.com\/es\/riviera-maya\/\"]}]},{\"@type\":\"ImageObject\",\"inLanguage\":\"es\",\"@id\":\"https:\/\/nicolettarestaurant.com\/es\/riviera-maya\/#primaryimage\",\"url\":\"https:\/\/nicolettarestaurant.com\/es\/wp-content\/uploads\/sites\/2\/2024\/11\/Riviera-maya-Nicoletta-Modern-Italian-Kitchen.jpg\",\"contentUrl\":\"https:\/\/nicolettarestaurant.com\/es\/wp-content\/uploads\/sites\/2\/2024\/11\/Riviera-maya-Nicoletta-Modern-Italian-Kitchen.jpg\",\"width\":720,\"height\":704},{\"@type\":\"BreadcrumbList\",\"@id\":\"https:\/\/nicolettarestaurant.com\/es\/riviera-maya\/#breadcrumb\",\"itemListElement\":[{\"@type\":\"ListItem\",\"position\":1,\"name\":\"Inicio\",\"item\":\"https:\/\/nicolettarestaurant.com\/es\/\"},{\"@type\":\"ListItem\",\"position\":2,\"name\":\"Riviera-Maya\"}]},{\"@type\":\"WebSite\",\"@id\":\"https:\/\/nicolettarestaurant.com\/es\/#website\",\"url\":\"https:\/\/nicolettarestaurant.com\/es\/\",\"name\":\"Nicoletta - Cocina Italiana Tradicional | Grupo Anderson&#039;s\",\"description\":\"\",\"potentialAction\":[{\"@type\":\"SearchAction\",\"target\":{\"@type\":\"EntryPoint\",\"urlTemplate\":\"https:\/\/nicolettarestaurant.com\/es\/?s={search_term_string}\"},\"query-input\":{\"@type\":\"PropertyValueSpecification\",\"valueRequired\":true,\"valueName\":\"search_term_string\"}}],\"inLanguage\":\"es\"}]}<\/script>\n<!-- \/ Yoast SEO plugin. -->","yoast_head_json":{"title":"Riviera-Maya - Nicoletta - Cocina Italiana Tradicional | Grupo Anderson&#039;s","robots":{"index":"noindex","follow":"follow","max-snippet":"max-snippet:-1","max-image-preview":"max-image-preview:large","max-video-preview":"max-video-preview:-1"},"og_locale":"es_MX","og_type":"article","og_title":"Riviera-Maya - Nicoletta - Cocina Italiana Tradicional | Grupo Anderson&#039;s","og_description":"SOBRE RIVIERA MAYA RIVIERA MAYA Destino m\u00edstico La Riviera Maya es el destino m\u00e1s importante de Latinoam\u00e9rica, un para\u00edso donde confluyen la naturaleza y los restos de la antigua civilizaci\u00f3n m\u00e1s desarrollada de Am\u00e9rica, los mayas. D\u00e9jese cautivar por sus playas de arena blanca, aguas azul turquesa e incre\u00edbles yacimientos arqueol\u00f3gicos. Reservar Reserva ahora en [&hellip;]","og_url":"https:\/\/nicolettarestaurant.com\/es\/riviera-maya\/","og_site_name":"Nicoletta - Cocina Italiana Tradicional | Grupo Anderson&#039;s","article_modified_time":"2025-10-06T15:15:45+00:00","og_image":[{"url":"https:\/\/nicolettarestaurant.com\/es\/wp-content\/uploads\/sites\/2\/2024\/11\/Riviera-maya-Nicoletta-Modern-Italian-Kitchen.jpg","type":"","width":"","height":""}],"twitter_card":"summary_large_image","twitter_misc":{"Tiempo de lectura":"2 minutos"},"schema":{"@context":"https:\/\/schema.org","@graph":[{"@type":"WebPage","@id":"https:\/\/nicolettarestaurant.com\/es\/riviera-maya\/","url":"https:\/\/nicolettarestaurant.com\/es\/riviera-maya\/","name":"Riviera-Maya - Nicoletta - Cocina Italiana Tradicional | Grupo Anderson&#039;s","isPartOf":{"@id":"https:\/\/nicolettarestaurant.com\/es\/#website"},"primaryImageOfPage":{"@id":"https:\/\/nicolettarestaurant.com\/es\/riviera-maya\/#primaryimage"},"image":{"@id":"https:\/\/nicolettarestaurant.com\/es\/riviera-maya\/#primaryimage"},"thumbnailUrl":"https:\/\/nicolettarestaurant.com\/es\/wp-content\/uploads\/sites\/2\/2024\/11\/Riviera-maya-Nicoletta-Modern-Italian-Kitchen.jpg","datePublished":"2024-11-14T15:44:38+00:00","dateModified":"2025-10-06T15:15:45+00:00","breadcrumb":{"@id":"https:\/\/nicolettarestaurant.com\/es\/riviera-maya\/#breadcrumb"},"inLanguage":"es","potentialAction":[{"@type":"ReadAction","target":["https:\/\/nicolettarestaurant.com\/es\/riviera-maya\/"]}]},{"@type":"ImageObject","inLanguage":"es","@id":"https:\/\/nicolettarestaurant.com\/es\/riviera-maya\/#primaryimage","url":"https:\/\/nicolettarestaurant.com\/es\/wp-content\/uploads\/sites\/2\/2024\/11\/Riviera-maya-Nicoletta-Modern-Italian-Kitchen.jpg","contentUrl":"https:\/\/nicolettarestaurant.com\/es\/wp-content\/uploads\/sites\/2\/2024\/11\/Riviera-maya-Nicoletta-Modern-Italian-Kitchen.jpg","width":720,"height":704},{"@type":"BreadcrumbList","@id":"https:\/\/nicolettarestaurant.com\/es\/riviera-maya\/#breadcrumb","itemListElement":[{"@type":"ListItem","position":1,"name":"Inicio","item":"https:\/\/nicolettarestaurant.com\/es\/"},{"@type":"ListItem","position":2,"name":"Riviera-Maya"}]},{"@type":"WebSite","@id":"https:\/\/nicolettarestaurant.com\/es\/#website","url":"https:\/\/nicolettarestaurant.com\/es\/","name":"Nicoletta - Cocina Italiana Tradicional | Grupo Anderson&#039;s","description":"","potentialAction":[{"@type":"SearchAction","target":{"@type":"EntryPoint","urlTemplate":"https:\/\/nicolettarestaurant.com\/es\/?s={search_term_string}"},"query-input":{"@type":"PropertyValueSpecification","valueRequired":true,"valueName":"search_term_string"}}],"inLanguage":"es"}]}},"_links":{"self":[{"href":"https:\/\/nicolettarestaurant.com\/es\/wp-json\/wp\/v2\/pages\/1075","targetHints":{"allow":["GET"]}}],"collection":[{"href":"https:\/\/nicolettarestaurant.com\/es\/wp-json\/wp\/v2\/pages"}],"about":[{"href":"https:\/\/nicolettarestaurant.com\/es\/wp-json\/wp\/v2\/types\/page"}],"author":[{"embeddable":true,"href":"https:\/\/nicolettarestaurant.com\/es\/wp-json\/wp\/v2\/users\/1"}],"replies":[{"embeddable":true,"href":"https:\/\/nicolettarestaurant.com\/es\/wp-json\/wp\/v2\/comments?post=1075"}],"version-history":[{"count":51,"href":"https:\/\/nicolettarestaurant.com\/es\/wp-json\/wp\/v2\/pages\/1075\/revisions"}],"predecessor-version":[{"id":26090,"href":"https:\/\/nicolettarestaurant.com\/es\/wp-json\/wp\/v2\/pages\/1075\/revisions\/26090"}],"wp:attachment":[{"href":"https:\/\/nicolettarestaurant.com\/es\/wp-json\/wp\/v2\/media?parent=1075"}],"curies":[{"name":"wp","href":"https:\/\/api.w.org\/{rel}","templated":true}]}}