{"id":1291,"date":"2024-11-15T21:29:27","date_gmt":"2024-11-15T21:29:27","guid":{"rendered":"https:\/\/nicolettarestaurant.com\/es\/wroberto\/?page_id=1291"},"modified":"2025-10-06T15:22:34","modified_gmt":"2025-10-06T15:22:34","slug":"blog","status":"publish","type":"page","link":"https:\/\/nicolettarestaurant.com\/es\/blog\/","title":{"rendered":"Blog"},"content":{"rendered":"\t\t<div data-elementor-type=\"wp-page\" data-elementor-id=\"1291\" class=\"elementor elementor-1291\" data-elementor-post-type=\"page\">\n\t\t\t\t<div class=\"elementor-element elementor-element-ac16d7f e-con-full e-flex e-con e-parent\" data-id=\"ac16d7f\" data-element_type=\"container\">\n\t\t\t\t<div class=\"elementor-element elementor-element-dd7128d elementor-widget elementor-widget-slider_revolution\" data-id=\"dd7128d\" data-element_type=\"widget\" data-widget_type=\"slider_revolution.default\">\n\t\t\t\t<div class=\"elementor-widget-container\">\n\t\t\t\r\n\r\r\n\t\t<div class=\"wp-block-themepunch-revslider\">\n\t\t\t<!-- START BannerDeskBlog REVOLUTION SLIDER 6.4.8 --><p class=\"rs-p-wp-fix\"><\/p>\n\t\t\t<rs-module-wrap id=\"rev_slider_12_1_wrapper\" data-source=\"gallery\" style=\"background:transparent;padding:0;margin:0px auto;margin-top:0;margin-bottom:0;\">\n\t\t\t\t<rs-module id=\"rev_slider_12_1\" style=\"\" data-version=\"6.4.8\">\n\t\t\t\t\t<rs-slides>\n\t\t\t\t\t\t<rs-slide data-key=\"rs-20\" data-title=\"Slide\" data-in=\"o:0;\" data-out=\"a:false;\">\n\t\t\t\t\t\t\t<img fetchpriority=\"high\" decoding=\"async\" src=\"\/\/nicolettarestaurant.com\/es\/wp-content\/uploads\/sites\/2\/2025\/10\/Portada-desk.jpg\" title=\"Portada desk\" width=\"1065\" height=\"773\" class=\"rev-slidebg tp-rs-img\" data-no-retina>\n<!---->\t\t\t\t\t\t<\/rs-slide>\n\t\t\t\t\t<\/rs-slides>\n\t\t\t\t<\/rs-module>\n\t\t\t\t<script type=\"text\/javascript\">\n\t\t\t\t\tsetREVStartSize({c: 'rev_slider_12_1',rl:[1240,1240,1240,480],el:[900,900,900,720],gw:[1240,1240,1240,480],gh:[900,900,900,720],type:'hero',justify:'',layout:'fullwidth',mh:\"0\"});\n\t\t\t\t\tvar\trevapi12,\n\t\t\t\t\t\ttpj;\n\t\t\t\t\tfunction revinit_revslider121() {\n\t\t\t\t\tjQuery(function() {\n\t\t\t\t\t\ttpj = jQuery;\n\t\t\t\t\t\trevapi12 = tpj(\"#rev_slider_12_1\");\n\t\t\t\t\t\tif(revapi12==undefined || revapi12.revolution == undefined){\n\t\t\t\t\t\t\trevslider_showDoubleJqueryError(\"rev_slider_12_1\");\n\t\t\t\t\t\t}else{\n\t\t\t\t\t\t\trevapi12.revolution({\n\t\t\t\t\t\t\t\tsliderType:\"hero\",\n\t\t\t\t\t\t\t\tDPR:\"dpr\",\n\t\t\t\t\t\t\t\tsliderLayout:\"fullwidth\",\n\t\t\t\t\t\t\t\tvisibilityLevels:\"1240,1240,1240,480\",\n\t\t\t\t\t\t\t\tgridwidth:\"1240,1240,1240,480\",\n\t\t\t\t\t\t\t\tgridheight:\"900,900,900,720\",\n\t\t\t\t\t\t\t\tperspective:600,\n\t\t\t\t\t\t\t\tperspectiveType:\"global\",\n\t\t\t\t\t\t\t\teditorheight:\"900,768,960,720\",\n\t\t\t\t\t\t\t\tresponsiveLevels:\"1240,1240,1240,480\",\n\t\t\t\t\t\t\t\tprogressBar:{disableProgressBar:true},\n\t\t\t\t\t\t\t\tnavigation: {\n\t\t\t\t\t\t\t\t\tonHoverStop:false\n\t\t\t\t\t\t\t\t},\n\t\t\t\t\t\t\t\tfallbacks: {\n\t\t\t\t\t\t\t\t\tallowHTML5AutoPlayOnAndroid:true\n\t\t\t\t\t\t\t\t},\n\t\t\t\t\t\t\t});\n\t\t\t\t\t\t}\n\t\t\t\t\t\t\n\t\t\t\t\t});\n\t\t\t\t\t} \/\/ End of RevInitScript\n\t\t\t\tvar once_revslider121 = false;\n\t\t\t\tif (document.readyState === \"loading\") {document.addEventListener('readystatechange',function() { if((document.readyState === \"interactive\" || document.readyState === \"complete\") && !once_revslider121 ) { once_revslider121 = true; revinit_revslider121();}});} else {once_revslider121 = true; revinit_revslider121();}\n\t\t\t\t<\/script>\n\t\t\t<\/rs-module-wrap>\n\t\t\t<!-- END REVOLUTION SLIDER -->\n<\/div>\r\r\n\r\r\n\t\t\t\t<\/div>\n\t\t\t\t<\/div>\n\t\t\t\t<\/div>\n\t\t<div class=\"elementor-element elementor-element-e1cde7b e-flex e-con-boxed e-con e-parent\" data-id=\"e1cde7b\" data-element_type=\"container\" data-settings=\"{&quot;background_background&quot;:&quot;classic&quot;}\">\n\t\t\t\t\t<div class=\"e-con-inner\">\n\t\t\t\t<div class=\"elementor-element elementor-element-3327aad elementor-widget elementor-widget-heading\" data-id=\"3327aad\" data-element_type=\"widget\" data-widget_type=\"heading.default\">\n\t\t\t\t<div class=\"elementor-widget-container\">\n\t\t\t<h2 class=\"elementor-heading-title elementor-size-default\">BLOGS<\/h2>\t\t<\/div>\n\t\t\t\t<\/div>\n\t\t\t\t<div class=\"elementor-element elementor-element-9cbf7db elementor-grid-3 elementor-grid-tablet-2 elementor-grid-mobile-1 elementor-posts--thumbnail-top elementor-widget elementor-widget-posts\" data-id=\"9cbf7db\" data-element_type=\"widget\" data-settings=\"{&quot;pagination_type&quot;:&quot;numbers&quot;,&quot;classic_columns&quot;:&quot;3&quot;,&quot;classic_columns_tablet&quot;:&quot;2&quot;,&quot;classic_columns_mobile&quot;:&quot;1&quot;,&quot;classic_row_gap&quot;:{&quot;unit&quot;:&quot;px&quot;,&quot;size&quot;:35,&quot;sizes&quot;:[]},&quot;classic_row_gap_tablet&quot;:{&quot;unit&quot;:&quot;px&quot;,&quot;size&quot;:&quot;&quot;,&quot;sizes&quot;:[]},&quot;classic_row_gap_mobile&quot;:{&quot;unit&quot;:&quot;px&quot;,&quot;size&quot;:&quot;&quot;,&quot;sizes&quot;:[]}}\" data-widget_type=\"posts.classic\">\n\t\t\t\t<div class=\"elementor-widget-container\">\n\t\t\t\t\t<div class=\"elementor-posts-container elementor-posts elementor-posts--skin-classic elementor-grid\">\n\t\t\t\t<article class=\"elementor-post elementor-grid-item post-26076 post type-post status-publish format-standard has-post-thumbnail hentry category-sin-categoria\">\n\t\t\t\t<a class=\"elementor-post__thumbnail__link\" href=\"https:\/\/nicolettarestaurant.com\/es\/comi-en-nicoletta-y-ahora-ningun-otro-restaurante-italiano-me-sabe-igual\/\" tabindex=\"-1\" >\n\t\t\t<div class=\"elementor-post__thumbnail\"><img decoding=\"async\" width=\"300\" height=\"154\" src=\"https:\/\/nicolettarestaurant.com\/es\/wp-content\/uploads\/sites\/2\/2025\/09\/Blog-4-300x154.png\" class=\"attachment-medium size-medium wp-image-26077\" alt=\"Nicoletta\" srcset=\"https:\/\/nicolettarestaurant.com\/es\/wp-content\/uploads\/sites\/2\/2025\/09\/Blog-4-300x154.png 300w, https:\/\/nicolettarestaurant.com\/es\/wp-content\/uploads\/sites\/2\/2025\/09\/Blog-4-1024x525.png 1024w, https:\/\/nicolettarestaurant.com\/es\/wp-content\/uploads\/sites\/2\/2025\/09\/Blog-4-768x394.png 768w, https:\/\/nicolettarestaurant.com\/es\/wp-content\/uploads\/sites\/2\/2025\/09\/Blog-4-1536x788.png 1536w, https:\/\/nicolettarestaurant.com\/es\/wp-content\/uploads\/sites\/2\/2025\/09\/Blog-4.png 1910w\" sizes=\"(max-width: 300px) 100vw, 300px\" \/><\/div>\n\t\t<\/a>\n\t\t\t\t<div class=\"elementor-post__text\">\n\t\t\t\t<h3 class=\"elementor-post__title\">\n\t\t\t<a href=\"https:\/\/nicolettarestaurant.com\/es\/comi-en-nicoletta-y-ahora-ningun-otro-restaurante-italiano-me-sabe-igual\/\" >\n\t\t\t\tCom\u00ed en Nicoletta y ahora ning\u00fan otro restaurante italiano me sabe igual\t\t\t<\/a>\n\t\t<\/h3>\n\t\t\t\t<div class=\"elementor-post__meta-data\">\n\t\t\t\t\t<span class=\"elementor-post-date\">\n\t\t\t6 abril, 2026\t\t<\/span>\n\t\t\t\t<\/div>\n\t\t\t\t<\/div>\n\t\t\t\t<\/article>\n\t\t\t\t<article class=\"elementor-post elementor-grid-item post-26082 post type-post status-publish format-standard has-post-thumbnail hentry category-sin-categoria\">\n\t\t\t\t<a class=\"elementor-post__thumbnail__link\" href=\"https:\/\/nicolettarestaurant.com\/es\/pasta-como-en-roma-este-lugar-en-cancun-lo-hace-mejor-de-lo-que-imaginas\/\" tabindex=\"-1\" >\n\t\t\t<div class=\"elementor-post__thumbnail\"><img decoding=\"async\" width=\"300\" height=\"154\" src=\"https:\/\/nicolettarestaurant.com\/es\/wp-content\/uploads\/sites\/2\/2025\/09\/Blog-5-300x154.png\" class=\"attachment-medium size-medium wp-image-26083\" alt=\"Nicoletta\" srcset=\"https:\/\/nicolettarestaurant.com\/es\/wp-content\/uploads\/sites\/2\/2025\/09\/Blog-5-300x154.png 300w, https:\/\/nicolettarestaurant.com\/es\/wp-content\/uploads\/sites\/2\/2025\/09\/Blog-5-1024x525.png 1024w, https:\/\/nicolettarestaurant.com\/es\/wp-content\/uploads\/sites\/2\/2025\/09\/Blog-5-768x394.png 768w, https:\/\/nicolettarestaurant.com\/es\/wp-content\/uploads\/sites\/2\/2025\/09\/Blog-5-1536x788.png 1536w, https:\/\/nicolettarestaurant.com\/es\/wp-content\/uploads\/sites\/2\/2025\/09\/Blog-5.png 1910w\" sizes=\"(max-width: 300px) 100vw, 300px\" \/><\/div>\n\t\t<\/a>\n\t\t\t\t<div class=\"elementor-post__text\">\n\t\t\t\t<h3 class=\"elementor-post__title\">\n\t\t\t<a href=\"https:\/\/nicolettarestaurant.com\/es\/pasta-como-en-roma-este-lugar-en-cancun-lo-hace-mejor-de-lo-que-imaginas\/\" >\n\t\t\t\t\u00bfPasta como en Roma? Este lugar en Canc\u00fan lo hace mejor de lo que imaginas\t\t\t<\/a>\n\t\t<\/h3>\n\t\t\t\t<div class=\"elementor-post__meta-data\">\n\t\t\t\t\t<span class=\"elementor-post-date\">\n\t\t\t3 abril, 2026\t\t<\/span>\n\t\t\t\t<\/div>\n\t\t\t\t<\/div>\n\t\t\t\t<\/article>\n\t\t\t\t<article class=\"elementor-post elementor-grid-item post-26235 post type-post status-publish format-standard has-post-thumbnail hentry category-sin-categoria\">\n\t\t\t\t<a class=\"elementor-post__thumbnail__link\" href=\"https:\/\/nicolettarestaurant.com\/es\/no-es-solo-una-cena-es-italia-servida-frente-a-la-laguna-la-experiencia-nicoletta-que-todos-quieren-vivir\/\" tabindex=\"-1\" >\n\t\t\t<div class=\"elementor-post__thumbnail\"><img loading=\"lazy\" decoding=\"async\" width=\"300\" height=\"154\" src=\"https:\/\/nicolettarestaurant.com\/es\/wp-content\/uploads\/sites\/2\/2025\/12\/Blog-53-300x154.png\" class=\"attachment-medium size-medium wp-image-26236\" alt=\"Nicoletta\" srcset=\"https:\/\/nicolettarestaurant.com\/es\/wp-content\/uploads\/sites\/2\/2025\/12\/Blog-53-300x154.png 300w, https:\/\/nicolettarestaurant.com\/es\/wp-content\/uploads\/sites\/2\/2025\/12\/Blog-53-1024x525.png 1024w, https:\/\/nicolettarestaurant.com\/es\/wp-content\/uploads\/sites\/2\/2025\/12\/Blog-53-768x394.png 768w, https:\/\/nicolettarestaurant.com\/es\/wp-content\/uploads\/sites\/2\/2025\/12\/Blog-53-1536x788.png 1536w, https:\/\/nicolettarestaurant.com\/es\/wp-content\/uploads\/sites\/2\/2025\/12\/Blog-53.png 1910w\" sizes=\"(max-width: 300px) 100vw, 300px\" \/><\/div>\n\t\t<\/a>\n\t\t\t\t<div class=\"elementor-post__text\">\n\t\t\t\t<h3 class=\"elementor-post__title\">\n\t\t\t<a href=\"https:\/\/nicolettarestaurant.com\/es\/no-es-solo-una-cena-es-italia-servida-frente-a-la-laguna-la-experiencia-nicoletta-que-todos-quieren-vivir\/\" >\n\t\t\t\tNo es solo una cena, es Italia servida frente a la laguna: la experiencia Nicoletta que todos quieren vivir\t\t\t<\/a>\n\t\t<\/h3>\n\t\t\t\t<div class=\"elementor-post__meta-data\">\n\t\t\t\t\t<span class=\"elementor-post-date\">\n\t\t\t1 abril, 2026\t\t<\/span>\n\t\t\t\t<\/div>\n\t\t\t\t<\/div>\n\t\t\t\t<\/article>\n\t\t\t\t<article class=\"elementor-post elementor-grid-item post-26393 post type-post status-publish format-standard has-post-thumbnail hentry category-sin-categoria\">\n\t\t\t\t<a class=\"elementor-post__thumbnail__link\" href=\"https:\/\/nicolettarestaurant.com\/es\/como-saber-si-un-restaurante-realmente-hace-pasta-fresca-y-no-solo-lo-dice-en-cancun\/\" tabindex=\"-1\" >\n\t\t\t<div class=\"elementor-post__thumbnail\"><img loading=\"lazy\" decoding=\"async\" width=\"300\" height=\"154\" src=\"https:\/\/nicolettarestaurant.com\/es\/wp-content\/uploads\/sites\/2\/2026\/03\/Blog-2026-03-24T131234.117-300x154.png\" class=\"attachment-medium size-medium wp-image-26394\" alt=\"Nicoletta\" srcset=\"https:\/\/nicolettarestaurant.com\/es\/wp-content\/uploads\/sites\/2\/2026\/03\/Blog-2026-03-24T131234.117-300x154.png 300w, https:\/\/nicolettarestaurant.com\/es\/wp-content\/uploads\/sites\/2\/2026\/03\/Blog-2026-03-24T131234.117-1024x525.png 1024w, https:\/\/nicolettarestaurant.com\/es\/wp-content\/uploads\/sites\/2\/2026\/03\/Blog-2026-03-24T131234.117-768x394.png 768w, https:\/\/nicolettarestaurant.com\/es\/wp-content\/uploads\/sites\/2\/2026\/03\/Blog-2026-03-24T131234.117-1536x788.png 1536w, https:\/\/nicolettarestaurant.com\/es\/wp-content\/uploads\/sites\/2\/2026\/03\/Blog-2026-03-24T131234.117.png 1910w\" sizes=\"(max-width: 300px) 100vw, 300px\" \/><\/div>\n\t\t<\/a>\n\t\t\t\t<div class=\"elementor-post__text\">\n\t\t\t\t<h3 class=\"elementor-post__title\">\n\t\t\t<a href=\"https:\/\/nicolettarestaurant.com\/es\/como-saber-si-un-restaurante-realmente-hace-pasta-fresca-y-no-solo-lo-dice-en-cancun\/\" >\n\t\t\t\tC\u00f3mo saber si un restaurante realmente hace pasta fresca (y no solo lo dice) en Canc\u00fan\t\t\t<\/a>\n\t\t<\/h3>\n\t\t\t\t<div class=\"elementor-post__meta-data\">\n\t\t\t\t\t<span class=\"elementor-post-date\">\n\t\t\t30 marzo, 2026\t\t<\/span>\n\t\t\t\t<\/div>\n\t\t\t\t<\/div>\n\t\t\t\t<\/article>\n\t\t\t\t<article class=\"elementor-post elementor-grid-item post-26388 post type-post status-publish format-standard has-post-thumbnail hentry category-sin-categoria\">\n\t\t\t\t<a class=\"elementor-post__thumbnail__link\" href=\"https:\/\/nicolettarestaurant.com\/es\/el-error-de-muchos-restaurantes-italianos-en-cancun-querer-parecer-italianos-sin-entender-la-tradicion\/\" tabindex=\"-1\" >\n\t\t\t<div class=\"elementor-post__thumbnail\"><img loading=\"lazy\" decoding=\"async\" width=\"300\" height=\"154\" src=\"https:\/\/nicolettarestaurant.com\/es\/wp-content\/uploads\/sites\/2\/2026\/03\/Blog-2026-03-24T130232.345-300x154.png\" class=\"attachment-medium size-medium wp-image-26389\" alt=\"Nicoletta\" srcset=\"https:\/\/nicolettarestaurant.com\/es\/wp-content\/uploads\/sites\/2\/2026\/03\/Blog-2026-03-24T130232.345-300x154.png 300w, https:\/\/nicolettarestaurant.com\/es\/wp-content\/uploads\/sites\/2\/2026\/03\/Blog-2026-03-24T130232.345-1024x525.png 1024w, https:\/\/nicolettarestaurant.com\/es\/wp-content\/uploads\/sites\/2\/2026\/03\/Blog-2026-03-24T130232.345-768x394.png 768w, https:\/\/nicolettarestaurant.com\/es\/wp-content\/uploads\/sites\/2\/2026\/03\/Blog-2026-03-24T130232.345-1536x788.png 1536w, https:\/\/nicolettarestaurant.com\/es\/wp-content\/uploads\/sites\/2\/2026\/03\/Blog-2026-03-24T130232.345.png 1910w\" sizes=\"(max-width: 300px) 100vw, 300px\" \/><\/div>\n\t\t<\/a>\n\t\t\t\t<div class=\"elementor-post__text\">\n\t\t\t\t<h3 class=\"elementor-post__title\">\n\t\t\t<a href=\"https:\/\/nicolettarestaurant.com\/es\/el-error-de-muchos-restaurantes-italianos-en-cancun-querer-parecer-italianos-sin-entender-la-tradicion\/\" >\n\t\t\t\tEl error de muchos restaurantes italianos en Canc\u00fan: querer parecer italianos sin entender la tradici\u00f3n\t\t\t<\/a>\n\t\t<\/h3>\n\t\t\t\t<div class=\"elementor-post__meta-data\">\n\t\t\t\t\t<span class=\"elementor-post-date\">\n\t\t\t27 marzo, 2026\t\t<\/span>\n\t\t\t\t<\/div>\n\t\t\t\t<\/div>\n\t\t\t\t<\/article>\n\t\t\t\t<article class=\"elementor-post elementor-grid-item post-26383 post type-post status-publish format-standard has-post-thumbnail hentry category-sin-categoria\">\n\t\t\t\t<a class=\"elementor-post__thumbnail__link\" href=\"https:\/\/nicolettarestaurant.com\/es\/por-que-cancun-y-playa-del-carmen-estan-cambiando-su-forma-de-cenar-la-nueva-era-de-la-experiencia-gastronomica-en-el-caribe\/\" tabindex=\"-1\" >\n\t\t\t<div class=\"elementor-post__thumbnail\"><img loading=\"lazy\" decoding=\"async\" width=\"300\" height=\"154\" src=\"https:\/\/nicolettarestaurant.com\/es\/wp-content\/uploads\/sites\/2\/2026\/03\/Blog-2026-03-24T125723.436-300x154.png\" class=\"attachment-medium size-medium wp-image-26384\" alt=\"Nicoletta\" srcset=\"https:\/\/nicolettarestaurant.com\/es\/wp-content\/uploads\/sites\/2\/2026\/03\/Blog-2026-03-24T125723.436-300x154.png 300w, https:\/\/nicolettarestaurant.com\/es\/wp-content\/uploads\/sites\/2\/2026\/03\/Blog-2026-03-24T125723.436-1024x525.png 1024w, https:\/\/nicolettarestaurant.com\/es\/wp-content\/uploads\/sites\/2\/2026\/03\/Blog-2026-03-24T125723.436-768x394.png 768w, https:\/\/nicolettarestaurant.com\/es\/wp-content\/uploads\/sites\/2\/2026\/03\/Blog-2026-03-24T125723.436-1536x788.png 1536w, https:\/\/nicolettarestaurant.com\/es\/wp-content\/uploads\/sites\/2\/2026\/03\/Blog-2026-03-24T125723.436.png 1910w\" sizes=\"(max-width: 300px) 100vw, 300px\" \/><\/div>\n\t\t<\/a>\n\t\t\t\t<div class=\"elementor-post__text\">\n\t\t\t\t<h3 class=\"elementor-post__title\">\n\t\t\t<a href=\"https:\/\/nicolettarestaurant.com\/es\/por-que-cancun-y-playa-del-carmen-estan-cambiando-su-forma-de-cenar-la-nueva-era-de-la-experiencia-gastronomica-en-el-caribe\/\" >\n\t\t\t\tPor qu\u00e9 Canc\u00fan y Playa del Carmen est\u00e1n cambiando su forma de cenar: la nueva era de la experiencia gastron\u00f3mica en el Caribe\t\t\t<\/a>\n\t\t<\/h3>\n\t\t\t\t<div class=\"elementor-post__meta-data\">\n\t\t\t\t\t<span class=\"elementor-post-date\">\n\t\t\t25 marzo, 2026\t\t<\/span>\n\t\t\t\t<\/div>\n\t\t\t\t<\/div>\n\t\t\t\t<\/article>\n\t\t\t\t<\/div>\n\t\t\n\t\t\t\t<div class=\"e-load-more-anchor\" data-page=\"1\" data-max-page=\"36\" data-next-page=\"https:\/\/nicolettarestaurant.com\/es\/wp-json\/wp\/v2\/pages\/1291\/page\/2\/\"><\/div>\n\t\t\t\t<nav class=\"elementor-pagination\" aria-label=\"Pagination\">\n\t\t\t<span aria-current=\"page\" class=\"page-numbers current\"><span class=\"elementor-screen-only\">Page<\/span>1<\/span>\n<a class=\"page-numbers\" href=\"https:\/\/nicolettarestaurant.com\/es\/wp-json\/wp\/v2\/pages\/1291\/page\/2\/\"><span class=\"elementor-screen-only\">Page<\/span>2<\/a>\n<a class=\"page-numbers\" href=\"https:\/\/nicolettarestaurant.com\/es\/wp-json\/wp\/v2\/pages\/1291\/page\/3\/\"><span class=\"elementor-screen-only\">Page<\/span>3<\/a>\n<a class=\"page-numbers\" href=\"https:\/\/nicolettarestaurant.com\/es\/wp-json\/wp\/v2\/pages\/1291\/page\/4\/\"><span class=\"elementor-screen-only\">Page<\/span>4<\/a>\n<a class=\"page-numbers\" href=\"https:\/\/nicolettarestaurant.com\/es\/wp-json\/wp\/v2\/pages\/1291\/page\/5\/\"><span class=\"elementor-screen-only\">Page<\/span>5<\/a>\t\t<\/nav>\n\t\t\t\t<\/div>\n\t\t\t\t<\/div>\n\t\t\t\t\t<\/div>\n\t\t\t\t<\/div>\n\t\t\t\t<\/div>\n\t\t","protected":false},"excerpt":{"rendered":"<p>BLOGS<\/p>\n","protected":false},"author":1,"featured_media":0,"parent":0,"menu_order":0,"comment_status":"closed","ping_status":"closed","template":"elementor_header_footer","meta":{"footnotes":""},"class_list":["post-1291","page","type-page","status-publish","hentry"],"yoast_head":"<!-- This site is optimized with the Yoast SEO plugin v26.7 - https:\/\/yoast.com\/wordpress\/plugins\/seo\/ -->\n<title>Nicoletta Blog - Cocina Italiana Tradicional | Grupo Anderson&#039;s<\/title>\n<meta name=\"description\" content=\"Descubre el mundo culinario italiano a trav\u00e9s del blog de Nicoletta. Explora tradiciones, novedades y secretos que inspiran nuestra cocina.\" \/>\n<meta name=\"robots\" content=\"noindex, follow, max-snippet:-1, max-image-preview:large, max-video-preview:-1\" \/>\n<meta property=\"og:locale\" content=\"es_MX\" \/>\n<meta property=\"og:type\" content=\"article\" \/>\n<meta property=\"og:title\" content=\"Nicoletta Blog - Cocina Italiana Tradicional | Grupo Anderson&#039;s\" \/>\n<meta property=\"og:description\" content=\"Descubre el mundo culinario italiano a trav\u00e9s del blog de Nicoletta. Explora tradiciones, novedades y secretos que inspiran nuestra cocina.\" \/>\n<meta property=\"og:url\" content=\"https:\/\/nicolettarestaurant.com\/es\/blog\/\" \/>\n<meta property=\"og:site_name\" content=\"Nicoletta - Cocina Italiana Tradicional | Grupo Anderson&#039;s\" \/>\n<meta property=\"article:modified_time\" content=\"2025-10-06T15:22:34+00:00\" \/>\n<meta name=\"twitter:card\" content=\"summary_large_image\" \/>\n<meta name=\"twitter:label1\" content=\"Tiempo de lectura\" \/>\n\t<meta name=\"twitter:data1\" content=\"2 minutos\" \/>\n<script type=\"application\/ld+json\" class=\"yoast-schema-graph\">{\"@context\":\"https:\/\/schema.org\",\"@graph\":[{\"@type\":\"WebPage\",\"@id\":\"https:\/\/nicolettarestaurant.com\/es\/blog\/\",\"url\":\"https:\/\/nicolettarestaurant.com\/es\/blog\/\",\"name\":\"Nicoletta Blog - Cocina Italiana Tradicional | Grupo Anderson's\",\"isPartOf\":{\"@id\":\"https:\/\/nicolettarestaurant.com\/es\/#website\"},\"datePublished\":\"2024-11-15T21:29:27+00:00\",\"dateModified\":\"2025-10-06T15:22:34+00:00\",\"description\":\"Descubre el mundo culinario italiano a trav\u00e9s del blog de Nicoletta. Explora tradiciones, novedades y secretos que inspiran nuestra cocina.\",\"breadcrumb\":{\"@id\":\"https:\/\/nicolettarestaurant.com\/es\/blog\/#breadcrumb\"},\"inLanguage\":\"es\",\"potentialAction\":[{\"@type\":\"ReadAction\",\"target\":[\"https:\/\/nicolettarestaurant.com\/es\/blog\/\"]}]},{\"@type\":\"BreadcrumbList\",\"@id\":\"https:\/\/nicolettarestaurant.com\/es\/blog\/#breadcrumb\",\"itemListElement\":[{\"@type\":\"ListItem\",\"position\":1,\"name\":\"Inicio\",\"item\":\"https:\/\/nicolettarestaurant.com\/es\/\"},{\"@type\":\"ListItem\",\"position\":2,\"name\":\"Blog\"}]},{\"@type\":\"WebSite\",\"@id\":\"https:\/\/nicolettarestaurant.com\/es\/#website\",\"url\":\"https:\/\/nicolettarestaurant.com\/es\/\",\"name\":\"Nicoletta - Cocina Italiana Tradicional | Grupo Anderson&#039;s\",\"description\":\"\",\"potentialAction\":[{\"@type\":\"SearchAction\",\"target\":{\"@type\":\"EntryPoint\",\"urlTemplate\":\"https:\/\/nicolettarestaurant.com\/es\/?s={search_term_string}\"},\"query-input\":{\"@type\":\"PropertyValueSpecification\",\"valueRequired\":true,\"valueName\":\"search_term_string\"}}],\"inLanguage\":\"es\"}]}<\/script>\n<!-- \/ Yoast SEO plugin. -->","yoast_head_json":{"title":"Nicoletta Blog - Cocina Italiana Tradicional | Grupo Anderson's","description":"Descubre el mundo culinario italiano a trav\u00e9s del blog de Nicoletta. Explora tradiciones, novedades y secretos que inspiran nuestra cocina.","robots":{"index":"noindex","follow":"follow","max-snippet":"max-snippet:-1","max-image-preview":"max-image-preview:large","max-video-preview":"max-video-preview:-1"},"og_locale":"es_MX","og_type":"article","og_title":"Nicoletta Blog - Cocina Italiana Tradicional | Grupo Anderson's","og_description":"Descubre el mundo culinario italiano a trav\u00e9s del blog de Nicoletta. Explora tradiciones, novedades y secretos que inspiran nuestra cocina.","og_url":"https:\/\/nicolettarestaurant.com\/es\/blog\/","og_site_name":"Nicoletta - Cocina Italiana Tradicional | Grupo Anderson&#039;s","article_modified_time":"2025-10-06T15:22:34+00:00","twitter_card":"summary_large_image","twitter_misc":{"Tiempo de lectura":"2 minutos"},"schema":{"@context":"https:\/\/schema.org","@graph":[{"@type":"WebPage","@id":"https:\/\/nicolettarestaurant.com\/es\/blog\/","url":"https:\/\/nicolettarestaurant.com\/es\/blog\/","name":"Nicoletta Blog - Cocina Italiana Tradicional | Grupo Anderson's","isPartOf":{"@id":"https:\/\/nicolettarestaurant.com\/es\/#website"},"datePublished":"2024-11-15T21:29:27+00:00","dateModified":"2025-10-06T15:22:34+00:00","description":"Descubre el mundo culinario italiano a trav\u00e9s del blog de Nicoletta. Explora tradiciones, novedades y secretos que inspiran nuestra cocina.","breadcrumb":{"@id":"https:\/\/nicolettarestaurant.com\/es\/blog\/#breadcrumb"},"inLanguage":"es","potentialAction":[{"@type":"ReadAction","target":["https:\/\/nicolettarestaurant.com\/es\/blog\/"]}]},{"@type":"BreadcrumbList","@id":"https:\/\/nicolettarestaurant.com\/es\/blog\/#breadcrumb","itemListElement":[{"@type":"ListItem","position":1,"name":"Inicio","item":"https:\/\/nicolettarestaurant.com\/es\/"},{"@type":"ListItem","position":2,"name":"Blog"}]},{"@type":"WebSite","@id":"https:\/\/nicolettarestaurant.com\/es\/#website","url":"https:\/\/nicolettarestaurant.com\/es\/","name":"Nicoletta - Cocina Italiana Tradicional | Grupo Anderson&#039;s","description":"","potentialAction":[{"@type":"SearchAction","target":{"@type":"EntryPoint","urlTemplate":"https:\/\/nicolettarestaurant.com\/es\/?s={search_term_string}"},"query-input":{"@type":"PropertyValueSpecification","valueRequired":true,"valueName":"search_term_string"}}],"inLanguage":"es"}]}},"_links":{"self":[{"href":"https:\/\/nicolettarestaurant.com\/es\/wp-json\/wp\/v2\/pages\/1291","targetHints":{"allow":["GET"]}}],"collection":[{"href":"https:\/\/nicolettarestaurant.com\/es\/wp-json\/wp\/v2\/pages"}],"about":[{"href":"https:\/\/nicolettarestaurant.com\/es\/wp-json\/wp\/v2\/types\/page"}],"author":[{"embeddable":true,"href":"https:\/\/nicolettarestaurant.com\/es\/wp-json\/wp\/v2\/users\/1"}],"replies":[{"embeddable":true,"href":"https:\/\/nicolettarestaurant.com\/es\/wp-json\/wp\/v2\/comments?post=1291"}],"version-history":[{"count":25,"href":"https:\/\/nicolettarestaurant.com\/es\/wp-json\/wp\/v2\/pages\/1291\/revisions"}],"predecessor-version":[{"id":26094,"href":"https:\/\/nicolettarestaurant.com\/es\/wp-json\/wp\/v2\/pages\/1291\/revisions\/26094"}],"wp:attachment":[{"href":"https:\/\/nicolettarestaurant.com\/es\/wp-json\/wp\/v2\/media?parent=1291"}],"curies":[{"name":"wp","href":"https:\/\/api.w.org\/{rel}","templated":true}]}}