{"id":24983,"date":"2024-11-19T21:19:02","date_gmt":"2024-11-19T21:19:02","guid":{"rendered":"https:\/\/nicolettarestaurant.com\/es\/wroberto\/?page_id=24983"},"modified":"2024-11-26T22:17:01","modified_gmt":"2024-11-26T22:17:01","slug":"tyc","status":"publish","type":"page","link":"https:\/\/nicolettarestaurant.com\/es\/tyc\/","title":{"rendered":"TyC"},"content":{"rendered":"\t\t<div data-elementor-type=\"wp-page\" data-elementor-id=\"24983\" class=\"elementor elementor-24983\" data-elementor-post-type=\"page\">\n\t\t\t\t<div class=\"elementor-element elementor-element-fea5ff9 e-con-full e-flex e-con e-parent\" data-id=\"fea5ff9\" data-element_type=\"container\">\n\t\t\t\t<div class=\"elementor-element elementor-element-fb9d99f elementor-widget elementor-widget-slider_revolution\" data-id=\"fb9d99f\" data-element_type=\"widget\" data-widget_type=\"slider_revolution.default\">\n\t\t\t\t<div class=\"elementor-widget-container\">\n\t\t\t\r\n\r\r\n\t\t<div class=\"wp-block-themepunch-revslider\">\n\t\t\t<!-- START BannerDeskPrensa REVOLUTION SLIDER 6.4.8 --><p class=\"rs-p-wp-fix\"><\/p>\n\t\t\t<rs-module-wrap id=\"rev_slider_6_1_wrapper\" data-source=\"gallery\" style=\"background:transparent;padding:0;margin:0px auto;margin-top:0;margin-bottom:0;\">\n\t\t\t\t<rs-module id=\"rev_slider_6_1\" style=\"\" data-version=\"6.4.8\">\n\t\t\t\t\t<rs-slides>\n\t\t\t\t\t\t<rs-slide data-key=\"rs-6\" data-title=\"Slide\" data-in=\"o:0;\" data-out=\"a:false;\">\n\t\t\t\t\t\t\t<img fetchpriority=\"high\" decoding=\"async\" src=\"\/\/nicolettarestaurant.com\/es\/wp-content\/uploads\/2024\/11\/Nicoletta-Restaurant-Press.jpg\" title=\"Nicoletta-Restaurant-Press\" width=\"1576\" height=\"887\" class=\"rev-slidebg tp-rs-img\" data-no-retina>\n<!---->\t\t\t\t\t\t<\/rs-slide>\n\t\t\t\t\t<\/rs-slides>\n\t\t\t\t<\/rs-module>\n\t\t\t\t<script type=\"text\/javascript\">\n\t\t\t\t\tsetREVStartSize({c: 'rev_slider_6_1',rl:[1240,1240,1240,480],el:[900,900,900,720],gw:[1240,1240,1240,480],gh:[900,900,900,720],type:'hero',justify:'',layout:'fullwidth',mh:\"0\"});\n\t\t\t\t\tvar\trevapi6,\n\t\t\t\t\t\ttpj;\n\t\t\t\t\tfunction revinit_revslider61() {\n\t\t\t\t\tjQuery(function() {\n\t\t\t\t\t\ttpj = jQuery;\n\t\t\t\t\t\trevapi6 = tpj(\"#rev_slider_6_1\");\n\t\t\t\t\t\tif(revapi6==undefined || revapi6.revolution == undefined){\n\t\t\t\t\t\t\trevslider_showDoubleJqueryError(\"rev_slider_6_1\");\n\t\t\t\t\t\t}else{\n\t\t\t\t\t\t\trevapi6.revolution({\n\t\t\t\t\t\t\t\tsliderType:\"hero\",\n\t\t\t\t\t\t\t\tDPR:\"dpr\",\n\t\t\t\t\t\t\t\tsliderLayout:\"fullwidth\",\n\t\t\t\t\t\t\t\tvisibilityLevels:\"1240,1240,1240,480\",\n\t\t\t\t\t\t\t\tgridwidth:\"1240,1240,1240,480\",\n\t\t\t\t\t\t\t\tgridheight:\"900,900,900,720\",\n\t\t\t\t\t\t\t\tperspective:600,\n\t\t\t\t\t\t\t\tperspectiveType:\"global\",\n\t\t\t\t\t\t\t\teditorheight:\"900,768,960,720\",\n\t\t\t\t\t\t\t\tresponsiveLevels:\"1240,1240,1240,480\",\n\t\t\t\t\t\t\t\tprogressBar:{disableProgressBar:true},\n\t\t\t\t\t\t\t\tnavigation: {\n\t\t\t\t\t\t\t\t\tonHoverStop:false\n\t\t\t\t\t\t\t\t},\n\t\t\t\t\t\t\t\tfallbacks: {\n\t\t\t\t\t\t\t\t\tallowHTML5AutoPlayOnAndroid:true\n\t\t\t\t\t\t\t\t},\n\t\t\t\t\t\t\t});\n\t\t\t\t\t\t}\n\t\t\t\t\t\t\n\t\t\t\t\t});\n\t\t\t\t\t} \/\/ End of RevInitScript\n\t\t\t\tvar once_revslider61 = false;\n\t\t\t\tif (document.readyState === \"loading\") {document.addEventListener('readystatechange',function() { if((document.readyState === \"interactive\" || document.readyState === \"complete\") && !once_revslider61 ) { once_revslider61 = true; revinit_revslider61();}});} else {once_revslider61 = true; revinit_revslider61();}\n\t\t\t\t<\/script>\n\t\t\t<\/rs-module-wrap>\n\t\t\t<!-- END REVOLUTION SLIDER -->\n<\/div>\r\r\n\r\r\n\t\t\t\t<\/div>\n\t\t\t\t<\/div>\n\t\t\t\t<\/div>\n\t\t<div class=\"elementor-element elementor-element-35bc904 e-con-full e-flex e-con e-parent\" data-id=\"35bc904\" data-element_type=\"container\">\n\t\t\t\t<div class=\"elementor-element elementor-element-b91e538 elementor-widget elementor-widget-heading\" data-id=\"b91e538\" data-element_type=\"widget\" data-widget_type=\"heading.default\">\n\t\t\t\t<div class=\"elementor-widget-container\">\n\t\t\t<h2 class=\"elementor-heading-title elementor-size-default\">T\u00c9RMINOS Y CONDICIONES <\/h2>\t\t<\/div>\n\t\t\t\t<\/div>\n\t\t\t\t<\/div>\n\t\t<div class=\"elementor-element elementor-element-34be085 e-con-full e-flex e-con e-parent\" data-id=\"34be085\" data-element_type=\"container\">\n\t\t\t\t<div class=\"elementor-element elementor-element-da35c72 elementor-widget elementor-widget-heading\" data-id=\"da35c72\" data-element_type=\"widget\" data-widget_type=\"heading.default\">\n\t\t\t\t<div class=\"elementor-widget-container\">\n\t\t\t<h2 class=\"elementor-heading-title elementor-size-default\">Valet Parking - Nicoletta PLaya del Carmen\n<\/h2>\t\t<\/div>\n\t\t\t\t<\/div>\n\t\t\t\t<div class=\"elementor-element elementor-element-0e05cf8 elementor-widget elementor-widget-text-editor\" data-id=\"0e05cf8\" data-element_type=\"widget\" data-widget_type=\"text-editor.default\">\n\t\t\t\t<div class=\"elementor-widget-container\">\n\t\t\t\t\t\t\tEl uso del valet parking est\u00e1 reservado exclusivamente para los restaurantes del Grupo Anderson. Al utilizar este servicio, el personal de \u00abValet Parking Tulum\u00bb emitir\u00e1 un ticket con la hora de llegada. Al salir del restaurante, el ticket ser\u00e1 firmado y sellado con la hora de salida correspondiente. Una vez colocado el sello de salida, se dan 10 minutos para la entrega del veh\u00edculo. Si el estacionamiento excede las 3 horas, se aplicar\u00e1 un cargo adicional de $300 MXN por hora extra por el uso del servicio de valet. La empresa \u00abValet Parking Tulum\u00bb asume total responsabilidad por cualquier robo, da\u00f1o, extrav\u00edo u otro incidente que involucre al veh\u00edculo mientras se encuentre bajo su custodia.Grupo Anderson&#8217;s se deslinda de cualquier responsabilidad en relaci\u00f3n al cuidado o seguridad del veh\u00edculo durante el uso del servicio de valet parking.\t\t\t\t\t\t<\/div>\n\t\t\t\t<\/div>\n\t\t\t\t<\/div>\n\t\t\t\t<\/div>\n\t\t","protected":false},"excerpt":{"rendered":"<p>T\u00c9RMINOS Y CONDICIONES Valet Parking &#8211; Nicoletta PLaya del Carmen El uso del valet parking est\u00e1 reservado exclusivamente para los restaurantes del Grupo Anderson. Al utilizar este servicio, el personal de \u00abValet Parking Tulum\u00bb emitir\u00e1 un ticket con la hora de llegada. Al salir del restaurante, el ticket ser\u00e1 firmado y sellado con la hora [&hellip;]<\/p>\n","protected":false},"author":1,"featured_media":0,"parent":0,"menu_order":0,"comment_status":"closed","ping_status":"closed","template":"","meta":{"footnotes":""},"class_list":["post-24983","page","type-page","status-publish","hentry"],"yoast_head":"<!-- This site is optimized with the Yoast SEO plugin v26.7 - https:\/\/yoast.com\/wordpress\/plugins\/seo\/ -->\n<title>TyC - Nicoletta - Cocina Italiana Tradicional | Grupo Anderson&#039;s<\/title>\n<meta name=\"robots\" content=\"noindex, follow, max-snippet:-1, max-image-preview:large, max-video-preview:-1\" \/>\n<meta property=\"og:locale\" content=\"es_MX\" \/>\n<meta property=\"og:type\" content=\"article\" \/>\n<meta property=\"og:title\" content=\"TyC - Nicoletta - Cocina Italiana Tradicional | Grupo Anderson&#039;s\" \/>\n<meta property=\"og:description\" content=\"T\u00c9RMINOS Y CONDICIONES Valet Parking &#8211; Nicoletta PLaya del Carmen El uso del valet parking est\u00e1 reservado exclusivamente para los restaurantes del Grupo Anderson. Al utilizar este servicio, el personal de \u00abValet Parking Tulum\u00bb emitir\u00e1 un ticket con la hora de llegada. Al salir del restaurante, el ticket ser\u00e1 firmado y sellado con la hora [&hellip;]\" \/>\n<meta property=\"og:url\" content=\"https:\/\/nicolettarestaurant.com\/es\/tyc\/\" \/>\n<meta property=\"og:site_name\" content=\"Nicoletta - Cocina Italiana Tradicional | Grupo Anderson&#039;s\" \/>\n<meta property=\"article:modified_time\" content=\"2024-11-26T22:17:01+00:00\" \/>\n<meta name=\"twitter:card\" content=\"summary_large_image\" \/>\n<meta name=\"twitter:label1\" content=\"Tiempo de lectura\" \/>\n\t<meta name=\"twitter:data1\" content=\"1 minuto\" \/>\n<script type=\"application\/ld+json\" class=\"yoast-schema-graph\">{\"@context\":\"https:\/\/schema.org\",\"@graph\":[{\"@type\":\"WebPage\",\"@id\":\"https:\/\/nicolettarestaurant.com\/es\/tyc\/\",\"url\":\"https:\/\/nicolettarestaurant.com\/es\/tyc\/\",\"name\":\"TyC - Nicoletta - Cocina Italiana Tradicional | Grupo Anderson&#039;s\",\"isPartOf\":{\"@id\":\"https:\/\/nicolettarestaurant.com\/es\/#website\"},\"datePublished\":\"2024-11-19T21:19:02+00:00\",\"dateModified\":\"2024-11-26T22:17:01+00:00\",\"breadcrumb\":{\"@id\":\"https:\/\/nicolettarestaurant.com\/es\/tyc\/#breadcrumb\"},\"inLanguage\":\"es\",\"potentialAction\":[{\"@type\":\"ReadAction\",\"target\":[\"https:\/\/nicolettarestaurant.com\/es\/tyc\/\"]}]},{\"@type\":\"BreadcrumbList\",\"@id\":\"https:\/\/nicolettarestaurant.com\/es\/tyc\/#breadcrumb\",\"itemListElement\":[{\"@type\":\"ListItem\",\"position\":1,\"name\":\"Inicio\",\"item\":\"https:\/\/nicolettarestaurant.com\/es\/\"},{\"@type\":\"ListItem\",\"position\":2,\"name\":\"TyC\"}]},{\"@type\":\"WebSite\",\"@id\":\"https:\/\/nicolettarestaurant.com\/es\/#website\",\"url\":\"https:\/\/nicolettarestaurant.com\/es\/\",\"name\":\"Nicoletta - Cocina Italiana Tradicional | Grupo Anderson&#039;s\",\"description\":\"\",\"potentialAction\":[{\"@type\":\"SearchAction\",\"target\":{\"@type\":\"EntryPoint\",\"urlTemplate\":\"https:\/\/nicolettarestaurant.com\/es\/?s={search_term_string}\"},\"query-input\":{\"@type\":\"PropertyValueSpecification\",\"valueRequired\":true,\"valueName\":\"search_term_string\"}}],\"inLanguage\":\"es\"}]}<\/script>\n<!-- \/ Yoast SEO plugin. -->","yoast_head_json":{"title":"TyC - Nicoletta - Cocina Italiana Tradicional | Grupo Anderson&#039;s","robots":{"index":"noindex","follow":"follow","max-snippet":"max-snippet:-1","max-image-preview":"max-image-preview:large","max-video-preview":"max-video-preview:-1"},"og_locale":"es_MX","og_type":"article","og_title":"TyC - Nicoletta - Cocina Italiana Tradicional | Grupo Anderson&#039;s","og_description":"T\u00c9RMINOS Y CONDICIONES Valet Parking &#8211; Nicoletta PLaya del Carmen El uso del valet parking est\u00e1 reservado exclusivamente para los restaurantes del Grupo Anderson. Al utilizar este servicio, el personal de \u00abValet Parking Tulum\u00bb emitir\u00e1 un ticket con la hora de llegada. Al salir del restaurante, el ticket ser\u00e1 firmado y sellado con la hora [&hellip;]","og_url":"https:\/\/nicolettarestaurant.com\/es\/tyc\/","og_site_name":"Nicoletta - Cocina Italiana Tradicional | Grupo Anderson&#039;s","article_modified_time":"2024-11-26T22:17:01+00:00","twitter_card":"summary_large_image","twitter_misc":{"Tiempo de lectura":"1 minuto"},"schema":{"@context":"https:\/\/schema.org","@graph":[{"@type":"WebPage","@id":"https:\/\/nicolettarestaurant.com\/es\/tyc\/","url":"https:\/\/nicolettarestaurant.com\/es\/tyc\/","name":"TyC - Nicoletta - Cocina Italiana Tradicional | Grupo Anderson&#039;s","isPartOf":{"@id":"https:\/\/nicolettarestaurant.com\/es\/#website"},"datePublished":"2024-11-19T21:19:02+00:00","dateModified":"2024-11-26T22:17:01+00:00","breadcrumb":{"@id":"https:\/\/nicolettarestaurant.com\/es\/tyc\/#breadcrumb"},"inLanguage":"es","potentialAction":[{"@type":"ReadAction","target":["https:\/\/nicolettarestaurant.com\/es\/tyc\/"]}]},{"@type":"BreadcrumbList","@id":"https:\/\/nicolettarestaurant.com\/es\/tyc\/#breadcrumb","itemListElement":[{"@type":"ListItem","position":1,"name":"Inicio","item":"https:\/\/nicolettarestaurant.com\/es\/"},{"@type":"ListItem","position":2,"name":"TyC"}]},{"@type":"WebSite","@id":"https:\/\/nicolettarestaurant.com\/es\/#website","url":"https:\/\/nicolettarestaurant.com\/es\/","name":"Nicoletta - Cocina Italiana Tradicional | Grupo Anderson&#039;s","description":"","potentialAction":[{"@type":"SearchAction","target":{"@type":"EntryPoint","urlTemplate":"https:\/\/nicolettarestaurant.com\/es\/?s={search_term_string}"},"query-input":{"@type":"PropertyValueSpecification","valueRequired":true,"valueName":"search_term_string"}}],"inLanguage":"es"}]}},"_links":{"self":[{"href":"https:\/\/nicolettarestaurant.com\/es\/wp-json\/wp\/v2\/pages\/24983","targetHints":{"allow":["GET"]}}],"collection":[{"href":"https:\/\/nicolettarestaurant.com\/es\/wp-json\/wp\/v2\/pages"}],"about":[{"href":"https:\/\/nicolettarestaurant.com\/es\/wp-json\/wp\/v2\/types\/page"}],"author":[{"embeddable":true,"href":"https:\/\/nicolettarestaurant.com\/es\/wp-json\/wp\/v2\/users\/1"}],"replies":[{"embeddable":true,"href":"https:\/\/nicolettarestaurant.com\/es\/wp-json\/wp\/v2\/comments?post=24983"}],"version-history":[{"count":13,"href":"https:\/\/nicolettarestaurant.com\/es\/wp-json\/wp\/v2\/pages\/24983\/revisions"}],"predecessor-version":[{"id":25461,"href":"https:\/\/nicolettarestaurant.com\/es\/wp-json\/wp\/v2\/pages\/24983\/revisions\/25461"}],"wp:attachment":[{"href":"https:\/\/nicolettarestaurant.com\/es\/wp-json\/wp\/v2\/media?parent=24983"}],"curies":[{"name":"wp","href":"https:\/\/api.w.org\/{rel}","templated":true}]}}